{"id":3432,"date":"2020-09-11T14:12:08","date_gmt":"2020-09-11T11:12:08","guid":{"rendered":"https:\/\/eng.erciyesderi.com\/?page_id=3432"},"modified":"2021-04-04T19:59:44","modified_gmt":"2021-04-04T16:59:44","slug":"about-us","status":"publish","type":"page","link":"https:\/\/eng.erciyesderi.com\/index.php\/about-us\/","title":{"rendered":"ABOUT US"},"content":{"rendered":"<p>[vc_row][vc_column][vc_separator][vc_separator][\/vc_column][\/vc_row][vc_row][vc_column width=&#8221;2\/3&#8243;][vc_column_text]<\/p>\n<h3 class=\"hakkimizda_paragraf\" style=\"text-align: center;\">As Erciyes Deri, it started leather business in Kazl\u0131\u00e7e\u015fme in 1986. Our institution continues its activities in Tuzla Leather Organized Industrial Zone since 1993.<br \/>\nERC\u0130YES DER\u0130, which produces leather products especially for shoes, wallets, belts and bags, operates in domestic and foreign markets with its wide range of colors and different products.<\/h3>\n<p>[\/vc_column_text][\/vc_column][vc_column width=&#8221;1\/3&#8243;][vc_single_image image=&#8221;3435&#8243; img_size=&#8221;large&#8221; alignment=&#8221;center&#8221; style=&#8221;vc_box_shadow_border_circle_2&#8243;][\/vc_column][\/vc_row]<\/p>\n","protected":false},"excerpt":{"rendered":"<p>[vc_row][vc_column][vc_separator][vc_separator][\/vc_column][\/vc_row][vc_row][vc_column width=&#8221;2\/3&#8243;][vc_column_text] As Erciyes Deri, it started leather business in Kazl\u0131\u00e7e\u015fme in 1986. Our institution continues its activities in Tuzla Leather Organized Industrial Zone since 1993. ERC\u0130YES DER\u0130, which produces leather products especially for shoes, wallets, belts and bags, operates in domestic and foreign markets with its wide range of colors and different products. [\/vc_column_text][\/vc_column][vc_column [&hellip;]<\/p>\n","protected":false},"author":1,"featured_media":0,"parent":0,"menu_order":0,"comment_status":"closed","ping_status":"closed","template":"","meta":[],"_links":{"self":[{"href":"https:\/\/eng.erciyesderi.com\/index.php\/wp-json\/wp\/v2\/pages\/3432"}],"collection":[{"href":"https:\/\/eng.erciyesderi.com\/index.php\/wp-json\/wp\/v2\/pages"}],"about":[{"href":"https:\/\/eng.erciyesderi.com\/index.php\/wp-json\/wp\/v2\/types\/page"}],"author":[{"embeddable":true,"href":"https:\/\/eng.erciyesderi.com\/index.php\/wp-json\/wp\/v2\/users\/1"}],"replies":[{"embeddable":true,"href":"https:\/\/eng.erciyesderi.com\/index.php\/wp-json\/wp\/v2\/comments?post=3432"}],"version-history":[{"count":4,"href":"https:\/\/eng.erciyesderi.com\/index.php\/wp-json\/wp\/v2\/pages\/3432\/revisions"}],"predecessor-version":[{"id":3437,"href":"https:\/\/eng.erciyesderi.com\/index.php\/wp-json\/wp\/v2\/pages\/3432\/revisions\/3437"}],"wp:attachment":[{"href":"https:\/\/eng.erciyesderi.com\/index.php\/wp-json\/wp\/v2\/media?parent=3432"}],"curies":[{"name":"wp","href":"https:\/\/api.w.org\/{rel}","templated":true}]}}